{"id":40,"date":"2026-01-05T12:52:58","date_gmt":"2026-01-05T11:52:58","guid":{"rendered":"http:\/\/localhost\/essihault\/?page_id=40"},"modified":"2026-01-07T15:49:41","modified_gmt":"2026-01-07T14:49:41","slug":"40-2","status":"publish","type":"page","link":"https:\/\/simon-mennechet.com\/","title":{"rendered":""},"content":{"rendered":"\n<div class=\"wp-block-group alignfull has-global-padding is-layout-constrained wp-container-core-group-is-layout-490fa1db wp-block-group-is-layout-constrained\" style=\"padding-top:var(--wp--preset--spacing--50);padding-right:var(--wp--preset--spacing--50);padding-bottom:var(--wp--preset--spacing--50);padding-left:var(--wp--preset--spacing--50)\">\n<div class=\"wp-block-group has-global-padding is-layout-constrained wp-container-core-group-is-layout-650790e1 wp-block-group-is-layout-constrained\">\n<h1 class=\"wp-block-heading has-text-align-center has-x-large-font-size\">Essihault \u2013 Toute l\u2019actualit\u00e9 sportive, au rythme des performances.<\/h1>\n\n\n\n<div style=\"height:1.25rem\" aria-hidden=\"true\" class=\"wp-block-spacer\"><\/div>\n\n\n\n<p class=\"has-text-align-center\">Essihault est un blog d\u00e9di\u00e9 \u00e0 l\u2019actualit\u00e9 sportive, proposant des informations fiables, des analyses approfondies et un suivi r\u00e9gulier des \u00e9v\u00e9nements majeurs du sport, en France comme \u00e0 l\u2019international.<\/p>\n\n\n\n<div style=\"height:1.25rem\" aria-hidden=\"true\" class=\"wp-block-spacer\"><\/div>\n\n\n\n<div class=\"wp-block-buttons is-content-justification-center is-layout-flex wp-container-core-buttons-is-layout-a89b3969 wp-block-buttons-is-layout-flex\">\n<div class=\"wp-block-button\"><a class=\"wp-block-button__link wp-element-button\">\u00c0 propos<\/a><\/div>\n<\/div>\n<\/div>\n<\/div>\n\n\n\n<div class=\"wp-block-group alignfull has-base-2-background-color has-background has-global-padding is-layout-constrained wp-container-core-group-is-layout-669513ed wp-block-group-is-layout-constrained\" style=\"margin-top:0;margin-bottom:0;padding-top:var(--wp--preset--spacing--50);padding-right:var(--wp--preset--spacing--50);padding-bottom:var(--wp--preset--spacing--50);padding-left:var(--wp--preset--spacing--50)\">\n<div class=\"wp-block-group is-vertical is-content-justification-center is-layout-flex wp-container-core-group-is-layout-52b864f0 wp-block-group-is-layout-flex\">\n<h2 class=\"wp-block-heading has-text-align-center is-style-asterisk\">Une passion pour<br>l\u2019actualit\u00e9 sportive<\/h2>\n\n\n\n<div style=\"height:0px\" aria-hidden=\"true\" class=\"wp-block-spacer wp-container-content-4f2ccadb\"><\/div>\n\n\n\n<p class=\"has-text-align-center\">Notre blog vous propose une couverture compl\u00e8te<br>de l\u2019actualit\u00e9 sportive, avec des analyses, des r\u00e9sultats, des<br>d\u00e9cryptages et des informations fiables pour tous les<br>passionn\u00e9s de sport.<\/p>\n\n\n\n<p class=\"has-text-align-center\"><\/p>\n<\/div>\n\n\n\n<div style=\"margin-top:0;margin-bottom:0;height:var(--wp--preset--spacing--40)\" aria-hidden=\"true\" class=\"wp-block-spacer\"><\/div>\n\n\n\n<div class=\"wp-block-columns alignwide is-layout-flex wp-container-core-columns-is-layout-d0bbbce0 wp-block-columns-is-layout-flex\">\n<div class=\"wp-block-column is-layout-flow wp-container-core-column-is-layout-e3d1c41b wp-block-column-is-layout-flow\">\n<h3 class=\"wp-block-heading has-text-align-left is-style-asterisk has-body-font-family has-medium-font-size\" style=\"font-style:normal;font-weight:600\">Actualit\u00e9 en direct<\/h3>\n\n\n\n<p class=\"has-text-align-left\">Suivez les derni\u00e8res informations sportives<br>en temps r\u00e9el : matchs, scores, transferts<br>et annonces importantes.<\/p>\n<\/div>\n\n\n\n<div class=\"wp-block-column is-layout-flow wp-container-core-column-is-layout-e3d1c41b wp-block-column-is-layout-flow\">\n<h3 class=\"wp-block-heading has-text-align-left is-style-asterisk has-body-font-family has-medium-font-size\" style=\"font-style:normal;font-weight:600\">Analyses &amp; d\u00e9cryptages<\/h3>\n\n\n\n<p class=\"has-text-align-left\">Des analyses claires et objectives<br>pour mieux comprendre les performances, les strat\u00e9gies et les enjeux du sport moderne.<\/p>\n<\/div>\n\n\n\n<div class=\"wp-block-column is-layout-flow wp-container-core-column-is-layout-e3d1c41b wp-block-column-is-layout-flow\">\n<h3 class=\"wp-block-heading has-text-align-left is-style-asterisk has-body-font-family has-medium-font-size\" style=\"font-style:normal;font-weight:600\">R\u00e9sultats &amp; classements<\/h3>\n\n\n\n<p class=\"has-text-align-left\">Retrouvez tous les r\u00e9sultats, classements et statistiques des comp\u00e9titions nationales et internationales.<\/p>\n\n\n\n<p class=\"has-text-align-left\"><\/p>\n<\/div>\n<\/div>\n\n\n\n<div style=\"height:var(--wp--preset--spacing--20)\" aria-hidden=\"true\" class=\"wp-block-spacer\"><\/div>\n\n\n\n<div class=\"wp-block-columns alignwide is-layout-flex wp-container-core-columns-is-layout-d0bbbce0 wp-block-columns-is-layout-flex\">\n<div class=\"wp-block-column is-layout-flow wp-container-core-column-is-layout-e3d1c41b wp-block-column-is-layout-flow\">\n<h3 class=\"wp-block-heading has-text-align-left is-style-asterisk has-body-font-family has-medium-font-size\" style=\"font-style:normal;font-weight:600\">Articles &amp; dossiers<\/h3>\n\n\n\n<p class=\"has-text-align-left\">D\u00e9couvrez des articles approfondis, des dossiers sp\u00e9ciaux et des focus sur les \u00e9v\u00e9nements marquants du monde sportif.<\/p>\n<\/div>\n\n\n\n<div class=\"wp-block-column is-layout-flow wp-container-core-column-is-layout-e3d1c41b wp-block-column-is-layout-flow\">\n<h3 class=\"wp-block-heading has-text-align-left is-style-asterisk has-body-font-family has-medium-font-size\" style=\"font-style:normal;font-weight:600\">Opinions &amp; d\u00e9bats<\/h3>\n\n\n\n<p class=\"has-text-align-left\">Un espace d\u00e9di\u00e9 aux d\u00e9bats, aux points de vue et aux r\u00e9flexions autour de l\u2019actualit\u00e9 sportive.<\/p>\n<\/div>\n\n\n\n<div class=\"wp-block-column is-layout-flow wp-container-core-column-is-layout-e3d1c41b wp-block-column-is-layout-flow\">\n<h3 class=\"wp-block-heading has-text-align-left is-style-asterisk has-body-font-family has-medium-font-size\" style=\"font-style:normal;font-weight:600\">Sport &amp; m\u00e9dias<\/h3>\n\n\n\n<p class=\"has-text-align-left\">Explorez l\u2019impact des m\u00e9dias et des r\u00e9seaux sociaux sur le sport et ses acteurs.<\/p>\n<\/div>\n<\/div>\n<\/div>\n\n\n\n<div class=\"wp-block-group alignfull has-global-padding is-layout-constrained wp-container-core-group-is-layout-d89aad35 wp-block-group-is-layout-constrained\" style=\"margin-top:0;margin-bottom:0;padding-top:var(--wp--preset--spacing--50);padding-right:var(--wp--preset--spacing--50);padding-bottom:var(--wp--preset--spacing--50);padding-left:var(--wp--preset--spacing--50)\">\n<div class=\"wp-block-group alignwide has-global-padding is-layout-constrained wp-container-core-group-is-layout-19e250f3 wp-block-group-is-layout-constrained\">\n<div class=\"wp-block-group is-vertical is-content-justification-center is-layout-flex wp-container-core-group-is-layout-6329a8f3 wp-block-group-is-layout-flex\">\n<h2 class=\"wp-block-heading has-text-align-center is-style-asterisk\">Un tableau de ressources sportives<\/h2>\n\n\n\n<p class=\"has-text-align-center\">Notre blog met \u00e0 disposition des ressources compl\u00e8tes pour<br>suivre l\u2019actualit\u00e9 sportive, approfondir les analyses et rester<br>inform\u00e9 des grands \u00e9v\u00e9nements du monde du sport.<\/p>\n<\/div>\n\n\n\n<div style=\"height:var(--wp--preset--spacing--40)\" aria-hidden=\"true\" class=\"wp-block-spacer\"><\/div>\n\n\n\n<div class=\"wp-block-columns alignwide is-layout-flex wp-container-core-columns-is-layout-d1c656ed wp-block-columns-is-layout-flex\">\n<div class=\"wp-block-column is-vertically-aligned-center is-layout-flow wp-block-column-is-layout-flow\" style=\"flex-basis:40%\">\n<h3 class=\"wp-block-heading is-style-asterisk\">Plateforme d\u2019actualit\u00e9 sportive<\/h3>\n\n\n\n<ul style=\"line-height:1.75\" class=\"wp-block-list is-style-checkmark-list\">\n<li>Suivez les derni\u00e8res informations sportives <br>en temps r\u00e9el.<\/li>\n\n\n\n<li>Acc\u00e9dez aux r\u00e9sultats, classements et statistiques.<\/li>\n\n\n\n<li>D\u00e9couvrez des analyses et des articles exclusifs.<\/li>\n<\/ul>\n<\/div>\n\n\n\n<div class=\"wp-block-column is-layout-flow wp-block-column-is-layout-flow\" style=\"flex-basis:50%\">\n<figure class=\"wp-block-image aligncenter size-large is-resized is-style-rounded is-style-rounded--1\"><img loading=\"lazy\" decoding=\"async\" width=\"576\" height=\"1024\" src=\"https:\/\/simon-mennechet.com\/wp-content\/uploads\/2026\/01\/photographe-sportif-576x1024.webp\" alt=\"\" class=\"wp-image-64\" style=\"aspect-ratio:0.5625019088049354;width:261px;height:auto\" srcset=\"https:\/\/simon-mennechet.com\/wp-content\/uploads\/2026\/01\/photographe-sportif-576x1024.webp 576w, https:\/\/simon-mennechet.com\/wp-content\/uploads\/2026\/01\/photographe-sportif-169x300.webp 169w, https:\/\/simon-mennechet.com\/wp-content\/uploads\/2026\/01\/photographe-sportif.webp 736w\" sizes=\"auto, (max-width: 576px) 100vw, 576px\" \/><\/figure>\n<\/div>\n<\/div>\n\n\n\n<div style=\"height:var(--wp--preset--spacing--40)\" aria-hidden=\"true\" class=\"wp-block-spacer\"><\/div>\n\n\n\n<div class=\"wp-block-columns alignwide is-layout-flex wp-container-core-columns-is-layout-d1c656ed wp-block-columns-is-layout-flex\">\n<div class=\"wp-block-column is-layout-flow wp-block-column-is-layout-flow\" style=\"flex-basis:50%\">\n<figure class=\"wp-block-image aligncenter size-large is-resized is-style-rounded is-style-rounded--2\"><img loading=\"lazy\" decoding=\"async\" width=\"683\" height=\"1024\" src=\"https:\/\/simon-mennechet.com\/wp-content\/uploads\/2026\/01\/camp-nou-683x1024.webp\" alt=\"\" class=\"wp-image-63\" style=\"aspect-ratio:0.6670046717125991;width:315px;height:auto\" srcset=\"https:\/\/simon-mennechet.com\/wp-content\/uploads\/2026\/01\/camp-nou-683x1024.webp 683w, https:\/\/simon-mennechet.com\/wp-content\/uploads\/2026\/01\/camp-nou-200x300.webp 200w, https:\/\/simon-mennechet.com\/wp-content\/uploads\/2026\/01\/camp-nou.webp 736w\" sizes=\"auto, (max-width: 683px) 100vw, 683px\" \/><\/figure>\n<\/div>\n\n\n\n<div class=\"wp-block-column is-vertically-aligned-center is-layout-flow wp-block-column-is-layout-flow\" style=\"flex-basis:40%\">\n<h3 class=\"wp-block-heading is-style-asterisk\">Newsletter Sport<\/h3>\n\n\n\n<ul style=\"line-height:1.75\" class=\"wp-block-list is-style-checkmark-list\">\n<li>Les temps forts de l\u2019actualit\u00e9 sportive chaque semaine.<\/li>\n\n\n\n<li>Analyses et r\u00e9sum\u00e9s des grands \u00e9v\u00e9nements.<\/li>\n\n\n\n<li>Contenus exclusifs r\u00e9serv\u00e9s aux abonn\u00e9s.<\/li>\n<\/ul>\n<\/div>\n<\/div>\n<\/div>\n<\/div>\n\n\n\n<div class=\"wp-block-group alignfull has-base-color has-contrast-background-color has-text-color has-background has-global-padding is-layout-constrained wp-container-core-group-is-layout-ef3d885c wp-block-group-is-layout-constrained\" style=\"margin-top:0;margin-bottom:0;padding-top:var(--wp--preset--spacing--60);padding-right:var(--wp--preset--spacing--60);padding-bottom:var(--wp--preset--spacing--60);padding-left:var(--wp--preset--spacing--60)\">\n<div class=\"wp-block-group has-global-padding is-layout-constrained wp-block-group-is-layout-constrained\">\n<p class=\"has-text-align-center has-base-color has-text-color has-heading-font-family has-x-large-font-size\" style=\"line-height:1.2\"><em>\u00ab&nbsp;<em>Notre objectif est simple : informer, analyser et transmettre l\u2019actualit\u00e9 sportive avec passion, rigueur et objectivit\u00e9. Le sport m\u00e9rite une information de qualit\u00e9.<\/em>&nbsp;\u00bb<\/em><\/p>\n\n\n\n<div style=\"height:var(--wp--preset--spacing--10)\" aria-hidden=\"true\" class=\"wp-block-spacer\"><\/div>\n\n\n\n<div class=\"wp-block-group is-vertical is-content-justification-center is-nowrap is-layout-flex wp-container-core-group-is-layout-2dc08cea wp-block-group-is-layout-flex\">\n<figure class=\"wp-block-image aligncenter size-thumbnail is-resized has-custom-border\"><img loading=\"lazy\" decoding=\"async\" width=\"150\" height=\"150\" src=\"http:\/\/localhost\/essihault\/wp-content\/uploads\/2026\/01\/simon-pdp-1-150x150.png\" alt=\"\" class=\"wp-image-41\" style=\"border-radius:100px;aspect-ratio:1;object-fit:cover;width:60px\"\/><\/figure>\n\n\n\n<p class=\"has-text-align-center\" style=\"margin-top:var(--wp--preset--spacing--10);margin-bottom:0\">Simon MENNECHET<\/p>\n\n\n\n<p class=\"has-text-align-center has-contrast-3-color has-text-color has-small-font-size\" style=\"font-style:normal;font-weight:300\">PDG, Essihault<\/p>\n<\/div>\n<\/div>\n<\/div>\n\n\n\n<div class=\"wp-block-group alignfull has-global-padding is-layout-constrained wp-container-core-group-is-layout-d89aad35 wp-block-group-is-layout-constrained\" style=\"margin-top:0;margin-bottom:0;padding-top:var(--wp--preset--spacing--50);padding-right:var(--wp--preset--spacing--50);padding-bottom:var(--wp--preset--spacing--50);padding-left:var(--wp--preset--spacing--50)\">\n<div class=\"wp-block-group alignwide has-base-2-background-color has-background has-global-padding is-layout-constrained wp-container-core-group-is-layout-39412042 wp-block-group-is-layout-constrained\" style=\"border-radius:16px;padding-top:var(--wp--preset--spacing--40);padding-right:var(--wp--preset--spacing--50);padding-bottom:var(--wp--preset--spacing--40);padding-left:var(--wp--preset--spacing--50)\">\n<div style=\"height:var(--wp--preset--spacing--10)\" aria-hidden=\"true\" class=\"wp-block-spacer\"><\/div>\n\n\n\n<h2 class=\"wp-block-heading has-text-align-center has-x-large-font-size\">Rejoignez plus de 900 abonn\u00e9s\/abonn\u00e9es \u00e0 Essihault<\/h2>\n\n\n\n<p class=\"has-text-align-center\">Restez au courant de tout ce que<br>vous devez savoir sur le sport.<\/p>\n\n\n\n<div class=\"wp-block-buttons is-content-justification-center is-layout-flex wp-container-core-buttons-is-layout-a89b3969 wp-block-buttons-is-layout-flex\">\n<div class=\"wp-block-button\"><a class=\"wp-block-button__link wp-element-button\">S\u2019inscrire<\/a><\/div>\n<\/div>\n\n\n\n<div style=\"height:var(--wp--preset--spacing--10)\" aria-hidden=\"true\" class=\"wp-block-spacer\"><\/div>\n<\/div>\n<\/div>\n","protected":false},"excerpt":{"rendered":"<p>Essihault \u2013 Toute l\u2019actualit\u00e9 sportive, au rythme des performances. Essihault est un blog d\u00e9di\u00e9 \u00e0 l\u2019actualit\u00e9 sportive, proposant des informations fiables, des analyses approfondies et un suivi r\u00e9gulier des \u00e9v\u00e9nements majeurs du sport, en France comme \u00e0 l\u2019international. Une passion pourl\u2019actualit\u00e9 sportive Notre blog vous propose une couverture compl\u00e8tede l\u2019actualit\u00e9 sportive, avec des analyses, des [&hellip;]<\/p>\n","protected":false},"author":1,"featured_media":0,"parent":0,"menu_order":0,"comment_status":"closed","ping_status":"closed","template":"page-no-title","meta":{"footnotes":""},"class_list":["post-40","page","type-page","status-publish","hentry"],"yoast_head":"<!-- This site is optimized with the Yoast SEO plugin v26.6 - https:\/\/yoast.com\/wordpress\/plugins\/seo\/ -->\n<title>Essihault - L&#039;actualit\u00e9 sportive en direct<\/title>\n<meta name=\"description\" content=\"Essihault est un blog d\u00e9di\u00e9 \u00e0 l\u2019actualit\u00e9 sportive, proposant des informations fiables, des analyses approfondies et un suivi r\u00e9gulier des \u00e9v\u00e9nements majeurs du sport.\" \/>\n<meta name=\"robots\" content=\"index, follow, max-snippet:-1, max-image-preview:large, max-video-preview:-1\" \/>\n<link rel=\"canonical\" href=\"https:\/\/simon-mennechet.com\/\" \/>\n<meta property=\"og:locale\" content=\"fr_FR\" \/>\n<meta property=\"og:type\" content=\"article\" \/>\n<meta property=\"og:title\" content=\"Essihault - L&#039;actualit\u00e9 sportive en direct\" \/>\n<meta property=\"og:description\" content=\"Essihault est un blog d\u00e9di\u00e9 \u00e0 l\u2019actualit\u00e9 sportive, proposant des informations fiables, des analyses approfondies et un suivi r\u00e9gulier des \u00e9v\u00e9nements majeurs du sport.\" \/>\n<meta property=\"og:url\" content=\"https:\/\/simon-mennechet.com\/\" \/>\n<meta property=\"og:site_name\" content=\"Essihault\" \/>\n<meta property=\"article:modified_time\" content=\"2026-01-07T14:49:41+00:00\" \/>\n<meta property=\"og:image\" content=\"https:\/\/simon-mennechet.com\/wp-content\/uploads\/2026\/01\/photographe-sportif.webp\" \/>\n\t<meta property=\"og:image:width\" content=\"736\" \/>\n\t<meta property=\"og:image:height\" content=\"1308\" \/>\n\t<meta property=\"og:image:type\" content=\"image\/webp\" \/>\n<meta name=\"twitter:card\" content=\"summary_large_image\" \/>\n<meta name=\"twitter:label1\" content=\"Dur\u00e9e de lecture estim\u00e9e\" \/>\n\t<meta name=\"twitter:data1\" content=\"3 minutes\" \/>\n<script type=\"application\/ld+json\" class=\"yoast-schema-graph\">{\"@context\":\"https:\/\/schema.org\",\"@graph\":[{\"@type\":\"WebPage\",\"@id\":\"https:\/\/simon-mennechet.com\/\",\"url\":\"https:\/\/simon-mennechet.com\/\",\"name\":\"Essihault - L'actualit\u00e9 sportive en direct\",\"isPartOf\":{\"@id\":\"https:\/\/simon-mennechet.com\/#website\"},\"primaryImageOfPage\":{\"@id\":\"https:\/\/simon-mennechet.com\/#primaryimage\"},\"image\":{\"@id\":\"https:\/\/simon-mennechet.com\/#primaryimage\"},\"thumbnailUrl\":\"https:\/\/simon-mennechet.com\/wp-content\/uploads\/2026\/01\/photographe-sportif-576x1024.webp\",\"datePublished\":\"2026-01-05T11:52:58+00:00\",\"dateModified\":\"2026-01-07T14:49:41+00:00\",\"description\":\"Essihault est un blog d\u00e9di\u00e9 \u00e0 l\u2019actualit\u00e9 sportive, proposant des informations fiables, des analyses approfondies et un suivi r\u00e9gulier des \u00e9v\u00e9nements majeurs du sport.\",\"inLanguage\":\"fr-FR\",\"potentialAction\":[{\"@type\":\"ReadAction\",\"target\":[\"https:\/\/simon-mennechet.com\/\"]}]},{\"@type\":\"ImageObject\",\"inLanguage\":\"fr-FR\",\"@id\":\"https:\/\/simon-mennechet.com\/#primaryimage\",\"url\":\"https:\/\/simon-mennechet.com\/wp-content\/uploads\/2026\/01\/photographe-sportif.webp\",\"contentUrl\":\"https:\/\/simon-mennechet.com\/wp-content\/uploads\/2026\/01\/photographe-sportif.webp\",\"width\":736,\"height\":1308},{\"@type\":\"WebSite\",\"@id\":\"https:\/\/simon-mennechet.com\/#website\",\"url\":\"https:\/\/simon-mennechet.com\/\",\"name\":\"Essihault\",\"description\":\"Essihault - Blog sur les actualit\u00e9s du sport en direct\",\"publisher\":{\"@id\":\"https:\/\/simon-mennechet.com\/#organization\"},\"potentialAction\":[{\"@type\":\"SearchAction\",\"target\":{\"@type\":\"EntryPoint\",\"urlTemplate\":\"https:\/\/simon-mennechet.com\/?s={search_term_string}\"},\"query-input\":{\"@type\":\"PropertyValueSpecification\",\"valueRequired\":true,\"valueName\":\"search_term_string\"}}],\"inLanguage\":\"fr-FR\"},{\"@type\":\"Organization\",\"@id\":\"https:\/\/simon-mennechet.com\/#organization\",\"name\":\"Essihault\",\"url\":\"https:\/\/simon-mennechet.com\/\",\"logo\":{\"@type\":\"ImageObject\",\"inLanguage\":\"fr-FR\",\"@id\":\"https:\/\/simon-mennechet.com\/#\/schema\/logo\/image\/\",\"url\":\"https:\/\/simon-mennechet.com\/wp-content\/uploads\/2026\/01\/logo-2.png\",\"contentUrl\":\"https:\/\/simon-mennechet.com\/wp-content\/uploads\/2026\/01\/logo-2.png\",\"width\":500,\"height\":500,\"caption\":\"Essihault\"},\"image\":{\"@id\":\"https:\/\/simon-mennechet.com\/#\/schema\/logo\/image\/\"}}]}<\/script>\n<!-- \/ Yoast SEO plugin. -->","yoast_head_json":{"title":"Essihault - L'actualit\u00e9 sportive en direct","description":"Essihault est un blog d\u00e9di\u00e9 \u00e0 l\u2019actualit\u00e9 sportive, proposant des informations fiables, des analyses approfondies et un suivi r\u00e9gulier des \u00e9v\u00e9nements majeurs du sport.","robots":{"index":"index","follow":"follow","max-snippet":"max-snippet:-1","max-image-preview":"max-image-preview:large","max-video-preview":"max-video-preview:-1"},"canonical":"https:\/\/simon-mennechet.com\/","og_locale":"fr_FR","og_type":"article","og_title":"Essihault - L'actualit\u00e9 sportive en direct","og_description":"Essihault est un blog d\u00e9di\u00e9 \u00e0 l\u2019actualit\u00e9 sportive, proposant des informations fiables, des analyses approfondies et un suivi r\u00e9gulier des \u00e9v\u00e9nements majeurs du sport.","og_url":"https:\/\/simon-mennechet.com\/","og_site_name":"Essihault","article_modified_time":"2026-01-07T14:49:41+00:00","og_image":[{"width":736,"height":1308,"url":"https:\/\/simon-mennechet.com\/wp-content\/uploads\/2026\/01\/photographe-sportif.webp","type":"image\/webp"}],"twitter_card":"summary_large_image","twitter_misc":{"Dur\u00e9e de lecture estim\u00e9e":"3 minutes"},"schema":{"@context":"https:\/\/schema.org","@graph":[{"@type":"WebPage","@id":"https:\/\/simon-mennechet.com\/","url":"https:\/\/simon-mennechet.com\/","name":"Essihault - L'actualit\u00e9 sportive en direct","isPartOf":{"@id":"https:\/\/simon-mennechet.com\/#website"},"primaryImageOfPage":{"@id":"https:\/\/simon-mennechet.com\/#primaryimage"},"image":{"@id":"https:\/\/simon-mennechet.com\/#primaryimage"},"thumbnailUrl":"https:\/\/simon-mennechet.com\/wp-content\/uploads\/2026\/01\/photographe-sportif-576x1024.webp","datePublished":"2026-01-05T11:52:58+00:00","dateModified":"2026-01-07T14:49:41+00:00","description":"Essihault est un blog d\u00e9di\u00e9 \u00e0 l\u2019actualit\u00e9 sportive, proposant des informations fiables, des analyses approfondies et un suivi r\u00e9gulier des \u00e9v\u00e9nements majeurs du sport.","inLanguage":"fr-FR","potentialAction":[{"@type":"ReadAction","target":["https:\/\/simon-mennechet.com\/"]}]},{"@type":"ImageObject","inLanguage":"fr-FR","@id":"https:\/\/simon-mennechet.com\/#primaryimage","url":"https:\/\/simon-mennechet.com\/wp-content\/uploads\/2026\/01\/photographe-sportif.webp","contentUrl":"https:\/\/simon-mennechet.com\/wp-content\/uploads\/2026\/01\/photographe-sportif.webp","width":736,"height":1308},{"@type":"WebSite","@id":"https:\/\/simon-mennechet.com\/#website","url":"https:\/\/simon-mennechet.com\/","name":"Essihault","description":"Essihault - Blog sur les actualit\u00e9s du sport en direct","publisher":{"@id":"https:\/\/simon-mennechet.com\/#organization"},"potentialAction":[{"@type":"SearchAction","target":{"@type":"EntryPoint","urlTemplate":"https:\/\/simon-mennechet.com\/?s={search_term_string}"},"query-input":{"@type":"PropertyValueSpecification","valueRequired":true,"valueName":"search_term_string"}}],"inLanguage":"fr-FR"},{"@type":"Organization","@id":"https:\/\/simon-mennechet.com\/#organization","name":"Essihault","url":"https:\/\/simon-mennechet.com\/","logo":{"@type":"ImageObject","inLanguage":"fr-FR","@id":"https:\/\/simon-mennechet.com\/#\/schema\/logo\/image\/","url":"https:\/\/simon-mennechet.com\/wp-content\/uploads\/2026\/01\/logo-2.png","contentUrl":"https:\/\/simon-mennechet.com\/wp-content\/uploads\/2026\/01\/logo-2.png","width":500,"height":500,"caption":"Essihault"},"image":{"@id":"https:\/\/simon-mennechet.com\/#\/schema\/logo\/image\/"}}]}},"_links":{"self":[{"href":"https:\/\/simon-mennechet.com\/index.php?rest_route=\/wp\/v2\/pages\/40","targetHints":{"allow":["GET"]}}],"collection":[{"href":"https:\/\/simon-mennechet.com\/index.php?rest_route=\/wp\/v2\/pages"}],"about":[{"href":"https:\/\/simon-mennechet.com\/index.php?rest_route=\/wp\/v2\/types\/page"}],"author":[{"embeddable":true,"href":"https:\/\/simon-mennechet.com\/index.php?rest_route=\/wp\/v2\/users\/1"}],"replies":[{"embeddable":true,"href":"https:\/\/simon-mennechet.com\/index.php?rest_route=%2Fwp%2Fv2%2Fcomments&post=40"}],"version-history":[{"count":5,"href":"https:\/\/simon-mennechet.com\/index.php?rest_route=\/wp\/v2\/pages\/40\/revisions"}],"predecessor-version":[{"id":65,"href":"https:\/\/simon-mennechet.com\/index.php?rest_route=\/wp\/v2\/pages\/40\/revisions\/65"}],"wp:attachment":[{"href":"https:\/\/simon-mennechet.com\/index.php?rest_route=%2Fwp%2Fv2%2Fmedia&parent=40"}],"curies":[{"name":"wp","href":"https:\/\/api.w.org\/{rel}","templated":true}]}}