{"id":18,"date":"2026-01-04T17:05:16","date_gmt":"2026-01-04T16:05:16","guid":{"rendered":"http:\/\/localhost\/essihault\/?page_id=18"},"modified":"2026-01-04T21:46:54","modified_gmt":"2026-01-04T20:46:54","slug":"articles","status":"publish","type":"page","link":"https:\/\/simon-mennechet.com\/?page_id=18","title":{"rendered":"Essihault &#8211; Articles"},"content":{"rendered":"\n<div class=\"wp-block-query is-layout-flow wp-block-query-is-layout-flow\"><ul class=\"wp-block-post-template is-layout-flow wp-block-post-template-is-layout-flow\"><li class=\"wp-block-post post-52 post type-post status-publish format-standard has-post-thumbnail hentry category-non-classe\">\n\n<div class=\"wp-block-columns alignwide is-layout-flex wp-container-core-columns-is-layout-28f84493 wp-block-columns-is-layout-flex\">\n<div class=\"wp-block-column is-layout-flow wp-block-column-is-layout-flow\" style=\"flex-basis:66.66%\"><figure class=\"wp-block-post-featured-image\"><img loading=\"lazy\" decoding=\"async\" width=\"736\" height=\"920\" src=\"https:\/\/simon-mennechet.com\/wp-content\/uploads\/2026\/01\/wemby.jpg\" class=\"attachment-post-thumbnail size-post-thumbnail wp-post-image\" alt=\"\" style=\"object-fit:cover;\" srcset=\"https:\/\/simon-mennechet.com\/wp-content\/uploads\/2026\/01\/wemby.jpg 736w, https:\/\/simon-mennechet.com\/wp-content\/uploads\/2026\/01\/wemby-240x300.jpg 240w\" sizes=\"auto, (max-width: 736px) 100vw, 736px\" \/><\/figure><\/div>\n\n\n\n<div class=\"wp-block-column is-layout-flow wp-block-column-is-layout-flow\" style=\"flex-basis:100%\"><h2 class=\"wp-block-post-title\"><a href=\"https:\/\/simon-mennechet.com\/?p=52\" target=\"_self\" >Wembanyama de retour face \u00e0 Memphis ?<\/a><\/h2>\n\n<div class=\"wp-block-post-excerpt\"><p class=\"wp-block-post-excerpt__excerpt\">Souffrant d&rsquo;une hyperextension d&rsquo;un genou depuis une semaine, Victor Wembanyama pourrait faire son retour en NBA dans la nuit de mardi \u00e0 mercredi.<\/p><p class=\"wp-block-post-excerpt__more-text\"><a class=\"wp-block-post-excerpt__more-link\" href=\"https:\/\/simon-mennechet.com\/?p=52\">Lire la suite&#8230;<\/a><\/p><\/div><\/div>\n<\/div>\n\n<\/li><li class=\"wp-block-post post-36 post type-post status-publish format-standard has-post-thumbnail hentry category-non-classe\">\n\n<div class=\"wp-block-columns alignwide is-layout-flex wp-container-core-columns-is-layout-28f84493 wp-block-columns-is-layout-flex\">\n<div class=\"wp-block-column is-layout-flow wp-block-column-is-layout-flow\" style=\"flex-basis:66.66%\"><figure class=\"wp-block-post-featured-image\"><img loading=\"lazy\" decoding=\"async\" width=\"736\" height=\"920\" src=\"https:\/\/simon-mennechet.com\/wp-content\/uploads\/2026\/01\/fils-3.jpg\" class=\"attachment-post-thumbnail size-post-thumbnail wp-post-image\" alt=\"\" style=\"object-fit:cover;\" srcset=\"https:\/\/simon-mennechet.com\/wp-content\/uploads\/2026\/01\/fils-3.jpg 736w, https:\/\/simon-mennechet.com\/wp-content\/uploads\/2026\/01\/fils-3-240x300.jpg 240w\" sizes=\"auto, (max-width: 736px) 100vw, 736px\" \/><\/figure><\/div>\n\n\n\n<div class=\"wp-block-column is-layout-flow wp-block-column-is-layout-flow\" style=\"flex-basis:100%\"><h2 class=\"wp-block-post-title\"><a href=\"https:\/\/simon-mennechet.com\/?p=36\" target=\"_self\" >Fils va manquer le premier Grand Chelem<\/a><\/h2>\n\n<div class=\"wp-block-post-excerpt\"><p class=\"wp-block-post-excerpt__excerpt\">Encore diminu\u00e9 par sa blessure au dos, Arthur Fils d\u00e9clare forfait pour l&rsquo;Open d&rsquo;Australie : \u00ab Je vais \u00eatre un peu court, je pr\u00e9f\u00e8re revenir \u00e0 100 % \u00bb<\/p><p class=\"wp-block-post-excerpt__more-text\"><a class=\"wp-block-post-excerpt__more-link\" href=\"https:\/\/simon-mennechet.com\/?p=36\">Lire la suite&#8230;<\/a><\/p><\/div><\/div>\n<\/div>\n\n<\/li><li class=\"wp-block-post post-1 post type-post status-publish format-standard has-post-thumbnail hentry category-non-classe\">\n\n<div class=\"wp-block-columns alignwide is-layout-flex wp-container-core-columns-is-layout-28f84493 wp-block-columns-is-layout-flex\">\n<div class=\"wp-block-column is-layout-flow wp-block-column-is-layout-flow\" style=\"flex-basis:66.66%\"><figure class=\"wp-block-post-featured-image\"><img loading=\"lazy\" decoding=\"async\" width=\"828\" height=\"552\" src=\"https:\/\/simon-mennechet.com\/wp-content\/uploads\/2026\/01\/6405a-2.jpg\" class=\"attachment-post-thumbnail size-post-thumbnail wp-post-image\" alt=\"\" style=\"object-fit:cover;\" srcset=\"https:\/\/simon-mennechet.com\/wp-content\/uploads\/2026\/01\/6405a-2.jpg 828w, https:\/\/simon-mennechet.com\/wp-content\/uploads\/2026\/01\/6405a-2-300x200.jpg 300w, https:\/\/simon-mennechet.com\/wp-content\/uploads\/2026\/01\/6405a-2-768x512.jpg 768w\" sizes=\"auto, (max-width: 828px) 100vw, 828px\" \/><\/figure><\/div>\n\n\n\n<div class=\"wp-block-column is-layout-flow wp-block-column-is-layout-flow\" style=\"flex-basis:100%\"><h2 class=\"wp-block-post-title\"><a href=\"https:\/\/simon-mennechet.com\/?p=1\" target=\"_self\" >L&rsquo;OM rit jaune<\/a><\/h2>\n\n<div class=\"wp-block-post-excerpt\"><p class=\"wp-block-post-excerpt__excerpt\">Un OM catastrophique s&rsquo;incline au V\u00e9lodrome et offre \u00e0 Nantes sa premi\u00e8re victoire en Ligue\u00a01 depuis octobre<\/p><p class=\"wp-block-post-excerpt__more-text\"><a class=\"wp-block-post-excerpt__more-link\" href=\"https:\/\/simon-mennechet.com\/?p=1\">Lire la suite&#8230;<\/a><\/p><\/div><\/div>\n<\/div>\n\n<\/li><\/ul><\/div>\n\n\n\n<p><\/p>\n","protected":false},"excerpt":{"rendered":"","protected":false},"author":1,"featured_media":0,"parent":0,"menu_order":0,"comment_status":"closed","ping_status":"closed","template":"","meta":{"footnotes":""},"class_list":["post-18","page","type-page","status-publish","hentry"],"yoast_head":"<!-- This site is optimized with the Yoast SEO plugin v26.6 - https:\/\/yoast.com\/wordpress\/plugins\/seo\/ -->\n<title>Essihault - Articles - Essihault<\/title>\n<meta name=\"robots\" content=\"index, follow, max-snippet:-1, max-image-preview:large, max-video-preview:-1\" \/>\n<link rel=\"canonical\" href=\"https:\/\/simon-mennechet.com\/?page_id=18\" \/>\n<meta property=\"og:locale\" content=\"fr_FR\" \/>\n<meta property=\"og:type\" content=\"article\" \/>\n<meta property=\"og:title\" content=\"Essihault - Articles - Essihault\" \/>\n<meta property=\"og:url\" content=\"https:\/\/simon-mennechet.com\/?page_id=18\" \/>\n<meta property=\"og:site_name\" content=\"Essihault\" \/>\n<meta property=\"article:modified_time\" content=\"2026-01-04T20:46:54+00:00\" \/>\n<meta name=\"twitter:card\" content=\"summary_large_image\" \/>\n<script type=\"application\/ld+json\" class=\"yoast-schema-graph\">{\"@context\":\"https:\/\/schema.org\",\"@graph\":[{\"@type\":\"WebPage\",\"@id\":\"https:\/\/simon-mennechet.com\/?page_id=18\",\"url\":\"https:\/\/simon-mennechet.com\/?page_id=18\",\"name\":\"Essihault - Articles - Essihault\",\"isPartOf\":{\"@id\":\"https:\/\/simon-mennechet.com\/#website\"},\"datePublished\":\"2026-01-04T16:05:16+00:00\",\"dateModified\":\"2026-01-04T20:46:54+00:00\",\"breadcrumb\":{\"@id\":\"https:\/\/simon-mennechet.com\/?page_id=18#breadcrumb\"},\"inLanguage\":\"fr-FR\",\"potentialAction\":[{\"@type\":\"ReadAction\",\"target\":[\"https:\/\/simon-mennechet.com\/?page_id=18\"]}]},{\"@type\":\"BreadcrumbList\",\"@id\":\"https:\/\/simon-mennechet.com\/?page_id=18#breadcrumb\",\"itemListElement\":[{\"@type\":\"ListItem\",\"position\":1,\"name\":\"Accueil\",\"item\":\"https:\/\/simon-mennechet.com\/\"},{\"@type\":\"ListItem\",\"position\":2,\"name\":\"Essihault &#8211; Articles\"}]},{\"@type\":\"WebSite\",\"@id\":\"https:\/\/simon-mennechet.com\/#website\",\"url\":\"https:\/\/simon-mennechet.com\/\",\"name\":\"Essihault\",\"description\":\"Essihault - Blog sur les actualit\u00e9s du sport en direct\",\"publisher\":{\"@id\":\"https:\/\/simon-mennechet.com\/#organization\"},\"potentialAction\":[{\"@type\":\"SearchAction\",\"target\":{\"@type\":\"EntryPoint\",\"urlTemplate\":\"https:\/\/simon-mennechet.com\/?s={search_term_string}\"},\"query-input\":{\"@type\":\"PropertyValueSpecification\",\"valueRequired\":true,\"valueName\":\"search_term_string\"}}],\"inLanguage\":\"fr-FR\"},{\"@type\":\"Organization\",\"@id\":\"https:\/\/simon-mennechet.com\/#organization\",\"name\":\"Essihault\",\"url\":\"https:\/\/simon-mennechet.com\/\",\"logo\":{\"@type\":\"ImageObject\",\"inLanguage\":\"fr-FR\",\"@id\":\"https:\/\/simon-mennechet.com\/#\/schema\/logo\/image\/\",\"url\":\"https:\/\/simon-mennechet.com\/wp-content\/uploads\/2026\/01\/logo-2.png\",\"contentUrl\":\"https:\/\/simon-mennechet.com\/wp-content\/uploads\/2026\/01\/logo-2.png\",\"width\":500,\"height\":500,\"caption\":\"Essihault\"},\"image\":{\"@id\":\"https:\/\/simon-mennechet.com\/#\/schema\/logo\/image\/\"}}]}<\/script>\n<!-- \/ Yoast SEO plugin. -->","yoast_head_json":{"title":"Essihault - Articles - Essihault","robots":{"index":"index","follow":"follow","max-snippet":"max-snippet:-1","max-image-preview":"max-image-preview:large","max-video-preview":"max-video-preview:-1"},"canonical":"https:\/\/simon-mennechet.com\/?page_id=18","og_locale":"fr_FR","og_type":"article","og_title":"Essihault - Articles - Essihault","og_url":"https:\/\/simon-mennechet.com\/?page_id=18","og_site_name":"Essihault","article_modified_time":"2026-01-04T20:46:54+00:00","twitter_card":"summary_large_image","schema":{"@context":"https:\/\/schema.org","@graph":[{"@type":"WebPage","@id":"https:\/\/simon-mennechet.com\/?page_id=18","url":"https:\/\/simon-mennechet.com\/?page_id=18","name":"Essihault - Articles - Essihault","isPartOf":{"@id":"https:\/\/simon-mennechet.com\/#website"},"datePublished":"2026-01-04T16:05:16+00:00","dateModified":"2026-01-04T20:46:54+00:00","breadcrumb":{"@id":"https:\/\/simon-mennechet.com\/?page_id=18#breadcrumb"},"inLanguage":"fr-FR","potentialAction":[{"@type":"ReadAction","target":["https:\/\/simon-mennechet.com\/?page_id=18"]}]},{"@type":"BreadcrumbList","@id":"https:\/\/simon-mennechet.com\/?page_id=18#breadcrumb","itemListElement":[{"@type":"ListItem","position":1,"name":"Accueil","item":"https:\/\/simon-mennechet.com\/"},{"@type":"ListItem","position":2,"name":"Essihault &#8211; Articles"}]},{"@type":"WebSite","@id":"https:\/\/simon-mennechet.com\/#website","url":"https:\/\/simon-mennechet.com\/","name":"Essihault","description":"Essihault - Blog sur les actualit\u00e9s du sport en direct","publisher":{"@id":"https:\/\/simon-mennechet.com\/#organization"},"potentialAction":[{"@type":"SearchAction","target":{"@type":"EntryPoint","urlTemplate":"https:\/\/simon-mennechet.com\/?s={search_term_string}"},"query-input":{"@type":"PropertyValueSpecification","valueRequired":true,"valueName":"search_term_string"}}],"inLanguage":"fr-FR"},{"@type":"Organization","@id":"https:\/\/simon-mennechet.com\/#organization","name":"Essihault","url":"https:\/\/simon-mennechet.com\/","logo":{"@type":"ImageObject","inLanguage":"fr-FR","@id":"https:\/\/simon-mennechet.com\/#\/schema\/logo\/image\/","url":"https:\/\/simon-mennechet.com\/wp-content\/uploads\/2026\/01\/logo-2.png","contentUrl":"https:\/\/simon-mennechet.com\/wp-content\/uploads\/2026\/01\/logo-2.png","width":500,"height":500,"caption":"Essihault"},"image":{"@id":"https:\/\/simon-mennechet.com\/#\/schema\/logo\/image\/"}}]}},"_links":{"self":[{"href":"https:\/\/simon-mennechet.com\/index.php?rest_route=\/wp\/v2\/pages\/18","targetHints":{"allow":["GET"]}}],"collection":[{"href":"https:\/\/simon-mennechet.com\/index.php?rest_route=\/wp\/v2\/pages"}],"about":[{"href":"https:\/\/simon-mennechet.com\/index.php?rest_route=\/wp\/v2\/types\/page"}],"author":[{"embeddable":true,"href":"https:\/\/simon-mennechet.com\/index.php?rest_route=\/wp\/v2\/users\/1"}],"replies":[{"embeddable":true,"href":"https:\/\/simon-mennechet.com\/index.php?rest_route=%2Fwp%2Fv2%2Fcomments&post=18"}],"version-history":[{"count":3,"href":"https:\/\/simon-mennechet.com\/index.php?rest_route=\/wp\/v2\/pages\/18\/revisions"}],"predecessor-version":[{"id":30,"href":"https:\/\/simon-mennechet.com\/index.php?rest_route=\/wp\/v2\/pages\/18\/revisions\/30"}],"wp:attachment":[{"href":"https:\/\/simon-mennechet.com\/index.php?rest_route=%2Fwp%2Fv2%2Fmedia&parent=18"}],"curies":[{"name":"wp","href":"https:\/\/api.w.org\/{rel}","templated":true}]}}